{"id":307,"date":"2016-01-08T01:50:16","date_gmt":"2016-01-08T00:50:16","guid":{"rendered":"http:\/\/badminton-albertville.fr\/?page_id=307"},"modified":"2026-01-18T17:33:08","modified_gmt":"2026-01-18T16:33:08","slug":"notre-partenaire-materiel","status":"publish","type":"page","link":"http:\/\/badminton-albertville.fr\/?page_id=307","title":{"rendered":"Le club"},"content":{"rendered":"\t\t<div data-elementor-type=\"wp-page\" data-elementor-id=\"307\" class=\"elementor elementor-307\">\n\t\t\t\t\t\t\t\t\t<section class=\"elementor-section elementor-top-section elementor-element elementor-element-6bfb227f elementor-section-boxed elementor-section-height-default elementor-section-height-default\" data-id=\"6bfb227f\" data-element_type=\"section\">\n\t\t\t\t\t\t<div class=\"elementor-container elementor-column-gap-default\">\n\t\t\t\t\t<div class=\"elementor-column elementor-col-100 elementor-top-column elementor-element elementor-element-3ea40695\" data-id=\"3ea40695\" data-element_type=\"column\">\n\t\t\t<div class=\"elementor-widget-wrap elementor-element-populated\">\n\t\t\t\t\t\t\t\t<div class=\"elementor-element elementor-element-5ba4aade elementor-widget__width-initial elementor-widget elementor-widget-text-editor\" data-id=\"5ba4aade\" data-element_type=\"widget\" data-widget_type=\"text-editor.default\">\n\t\t\t\t<div class=\"elementor-widget-container\">\n\t\t\t<style>\/*! elementor - v3.14.0 - 18-06-2023 *\/\n.elementor-widget-text-editor.elementor-drop-cap-view-stacked .elementor-drop-cap{background-color:#69727d;color:#fff}.elementor-widget-text-editor.elementor-drop-cap-view-framed .elementor-drop-cap{color:#69727d;border:3px solid;background-color:transparent}.elementor-widget-text-editor:not(.elementor-drop-cap-view-default) .elementor-drop-cap{margin-top:8px}.elementor-widget-text-editor:not(.elementor-drop-cap-view-default) .elementor-drop-cap-letter{width:1em;height:1em}.elementor-widget-text-editor .elementor-drop-cap{float:left;text-align:center;line-height:1;font-size:50px}.elementor-widget-text-editor .elementor-drop-cap-letter{display:inline-block}<\/style>\t\t\t\t<p><!-- wp:image {\"id\":20976,\"width\":839,\"height\":564,\"sizeSlug\":\"full\",\"linkDestination\":\"none\"} --><\/p>\n<figure class=\"wp-block-image size-full is-resized\"><img decoding=\"async\" loading=\"lazy\" class=\"wp-image-20976\" src=\"http:\/\/badminton-albertville.fr\/wp\/wp-content\/uploads\/2022\/08\/cropped-Screenshot_20220413-231951_WhatsApp.jpg\" alt=\"\" width=\"839\" height=\"564\" srcset=\"http:\/\/badminton-albertville.fr\/wp\/wp-content\/uploads\/2022\/08\/cropped-Screenshot_20220413-231951_WhatsApp.jpg 791w, http:\/\/badminton-albertville.fr\/wp\/wp-content\/uploads\/2022\/08\/cropped-Screenshot_20220413-231951_WhatsApp-300x202.jpg 300w\" sizes=\"(max-width: 839px) 100vw, 839px\" \/><\/figure>\n<p><!-- \/wp:image --><!-- wp:heading {\"level\":1,\"align\":\"center\"} --><\/p><p><!-- \/wp:heading --><!-- wp:paragraph {\"align\":\"center\"} --><\/p>\n<p class=\"has-text-align-center\">\n<\/p><p><!-- \/wp:paragraph --><!-- wp:group --><\/p>\n<p><!-- \/wp:group --><\/p>\t\t\t\t\t\t<\/div>\n\t\t\t\t<\/div>\n\t\t\t\t\t<\/div>\n\t\t<\/div>\n\t\t\t\t\t\t\t<\/div>\n\t\t<\/section>\n\t\t\t\t<section class=\"elementor-section elementor-top-section elementor-element elementor-element-2efaff9 elementor-section-boxed elementor-section-height-default elementor-section-height-default\" data-id=\"2efaff9\" data-element_type=\"section\">\n\t\t\t\t\t\t<div class=\"elementor-container elementor-column-gap-default\">\n\t\t\t\t\t<div class=\"elementor-column elementor-col-100 elementor-top-column elementor-element elementor-element-5593c64\" data-id=\"5593c64\" data-element_type=\"column\">\n\t\t\t<div class=\"elementor-widget-wrap elementor-element-populated\">\n\t\t\t\t\t\t\t\t<div class=\"elementor-element elementor-element-75f1115 elementor-widget elementor-widget-heading\" data-id=\"75f1115\" data-element_type=\"widget\" data-widget_type=\"heading.default\">\n\t\t\t\t<div class=\"elementor-widget-container\">\n\t\t\t<style>\/*! elementor - v3.14.0 - 18-06-2023 *\/\n.elementor-heading-title{padding:0;margin:0;line-height:1}.elementor-widget-heading .elementor-heading-title[class*=elementor-size-]>a{color:inherit;font-size:inherit;line-height:inherit}.elementor-widget-heading .elementor-heading-title.elementor-size-small{font-size:15px}.elementor-widget-heading .elementor-heading-title.elementor-size-medium{font-size:19px}.elementor-widget-heading .elementor-heading-title.elementor-size-large{font-size:29px}.elementor-widget-heading .elementor-heading-title.elementor-size-xl{font-size:39px}.elementor-widget-heading .elementor-heading-title.elementor-size-xxl{font-size:59px}<\/style><h2 class=\"elementor-heading-title elementor-size-default\">Nos partenaires<\/h2>\t\t<\/div>\n\t\t\t\t<\/div>\n\t\t\t\t<div class=\"elementor-element elementor-element-4f59789 elementor-widget elementor-widget-text-editor\" data-id=\"4f59789\" data-element_type=\"widget\" data-widget_type=\"text-editor.default\">\n\t\t\t\t<div class=\"elementor-widget-container\">\n\t\t\t\t\t\t\t<p>Le club remercie la&nbsp;<a href=\"https:\/\/www.albertville.fr\/\" target=\"_blank\" rel=\"noopener noreferrer\">Ville d&rsquo;Albertville<\/a><b>&nbsp;<\/b>pour le pr\u00eat des locaux et du mat\u00e9riel, la <a href=\"https:\/\/www.auvergnerhonealpes.fr\/\" target=\"_blank\" rel=\"noopener noreferrer\">Region AURA<\/a> et le <a href=\"http:\/\/www.cnds.sports.gouv.fr\/\" target=\"_blank\" rel=\"noopener noreferrer\">CNDS<\/a>&nbsp;(Centre National pour le D\u00e9veloppement du Sport) pour leur aide et leur investissement dans le d\u00e9veloppement de nos projets de valorisation de notre sport pour tous les publics.<br>Le club remercie \u00e9galement le <a href=\"https:\/\/outlook.live.com\/mail\/inbox\" target=\"_blank\" rel=\"noopener noreferrer\">Cr\u00e9dit Mutuel<\/a> pour son soutien.&nbsp;<\/p>\n<p>Notre partenaire mat\u00e9riel est&nbsp;<a href=\"https:\/\/stringdoctor.fr\/\" target=\"_blank\" rel=\"noopener\">String Doctor<\/a>, situ\u00e9 \u00e0 Annecy. Ce partenariat permet \u00e0 l&rsquo;ensemble de nos adh\u00e9rents de b\u00e9n\u00e9ficier de remises avantageuses. N&rsquo;h\u00e9sitez \u00e0 vous renseigner aupr\u00e8s du club pour plus d&rsquo;informations.&nbsp;Un stand de notre partenaire est pr\u00e9sent sur chacun de nos tournois annuels.<\/p>\t\t\t\t\t\t<\/div>\n\t\t\t\t<\/div>\n\t\t\t\t\t<\/div>\n\t\t<\/div>\n\t\t\t\t\t\t\t<\/div>\n\t\t<\/section>\n\t\t\t\t\t\t\t<\/div>\n\t\t","protected":false},"excerpt":{"rendered":"<p>Nos partenaires Le club remercie la&nbsp;Ville d&rsquo;Albertville&nbsp;pour le pr\u00eat des locaux et du mat\u00e9riel, la Region AURA et le CNDS&nbsp;(Centre National pour le D\u00e9veloppement du Sport) pour leur aide et leur investissement dans le d\u00e9veloppement de nos projets de valorisation de notre sport pour tous les publics.Le club remercie \u00e9galement le Cr\u00e9dit Mutuel pour son &hellip;<\/p>\n<p class=\"read-more\"> <a class=\"\" href=\"http:\/\/badminton-albertville.fr\/?page_id=307\"> <span class=\"screen-reader-text\">Le club<\/span> Lire la suite\u00a0\u00bb<\/a><\/p>\n","protected":false},"author":3,"featured_media":0,"parent":0,"menu_order":0,"comment_status":"closed","ping_status":"closed","template":"","meta":{"site-sidebar-layout":"default","site-content-layout":"default","ast-global-header-display":"","ast-banner-title-visibility":"","ast-main-header-display":"","ast-hfb-above-header-display":"","ast-hfb-below-header-display":"","ast-hfb-mobile-header-display":"","site-post-title":"","ast-breadcrumbs-content":"","ast-featured-img":"","footer-sml-layout":"","theme-transparent-header-meta":"","adv-header-id-meta":"","stick-header-meta":"","header-above-stick-meta":"","header-main-stick-meta":"","header-below-stick-meta":""},"_links":{"self":[{"href":"http:\/\/badminton-albertville.fr\/index.php?rest_route=\/wp\/v2\/pages\/307"}],"collection":[{"href":"http:\/\/badminton-albertville.fr\/index.php?rest_route=\/wp\/v2\/pages"}],"about":[{"href":"http:\/\/badminton-albertville.fr\/index.php?rest_route=\/wp\/v2\/types\/page"}],"author":[{"embeddable":true,"href":"http:\/\/badminton-albertville.fr\/index.php?rest_route=\/wp\/v2\/users\/3"}],"replies":[{"embeddable":true,"href":"http:\/\/badminton-albertville.fr\/index.php?rest_route=%2Fwp%2Fv2%2Fcomments&post=307"}],"version-history":[{"count":33,"href":"http:\/\/badminton-albertville.fr\/index.php?rest_route=\/wp\/v2\/pages\/307\/revisions"}],"predecessor-version":[{"id":185971,"href":"http:\/\/badminton-albertville.fr\/index.php?rest_route=\/wp\/v2\/pages\/307\/revisions\/185971"}],"wp:attachment":[{"href":"http:\/\/badminton-albertville.fr\/index.php?rest_route=%2Fwp%2Fv2%2Fmedia&parent=307"}],"curies":[{"name":"wp","href":"https:\/\/api.w.org\/{rel}","templated":true}]}}